{"id":3488,"date":"2023-05-23T02:32:37","date_gmt":"2023-05-23T02:32:37","guid":{"rendered":"https:\/\/mediaesthetic.com.my\/abdominal-stretch-marks\/"},"modified":"2025-10-12T09:30:40","modified_gmt":"2025-10-12T09:30:40","slug":"abdominal-stretch-marks","status":"publish","type":"page","link":"https:\/\/mediaesthetic.com.my\/vi\/abdominal-stretch-marks\/","title":{"rendered":"\u0110i\u1ec1u tr\u1ecb r\u1ea1n da v\u00f9ng b\u1ee5ng"},"content":{"rendered":"<section class=\"gb-container gb-container-5fccb11a\">\n\n<div class=\"gb-container gb-container-d1505898\">\n\n\n\n<p class=\"gb-headline gb-headline-fb9c98bd\"><span class=\"gb-icon\"><svg xml:space=\"preserve\" viewBox=\"0 0 512.003 512.003\" xmlns:xlink=\"http:\/\/www.w3.org\/1999\/xlink\" xmlns=\"http:\/\/www.w3.org\/2000\/svg\" id=\"Layer_1\" version=\"1.1\" width=\"800px\" height=\"800px\" fill=\"#000000\"> <g> <g> <path d=\"M298.808,273.573c-2.841-3.179-7.721-3.454-10.902-0.614c-4.65,4.155-16.32,8.347-31.904,8.347 c-15.583,0-27.253-4.192-31.903-8.347c-3.18-2.84-8.061-2.565-10.902,0.616c-2.84,3.18-2.567,8.062,0.615,10.902 c8.602,7.685,24.374,12.273,42.191,12.273c17.818,0,33.59-4.589,42.193-12.275C301.375,281.634,301.648,276.753,298.808,273.573z\"><\/path> <\/g> <\/g> <g> <g> <path d=\"M237.734,205.508c-2.874-3.149-7.758-3.372-10.909-0.497c-2.233,2.037-8.435,4.231-16.776,4.231 s-14.543-2.193-16.776-4.231c-3.15-2.874-8.034-2.652-10.909,0.498s-2.651,8.034,0.498,10.909 c5.672,5.176,15.836,8.267,27.186,8.267c11.352,0,21.515-3.092,27.187-8.268C240.387,213.542,240.609,208.659,237.734,205.508z\"><\/path> <\/g> <\/g> <g> <g> <path d=\"M245.159,169.307c-7.228-4.693-20.353-7.495-35.108-7.495s-27.88,2.802-35.109,7.495 c-3.576,2.322-4.594,7.104-2.271,10.681c1.479,2.278,3.955,3.518,6.483,3.518c1.441,0,2.898-0.404,4.197-1.246 c3.838-2.491,13.582-5.005,26.7-5.005s22.862,2.513,26.699,5.004c3.576,2.322,8.359,1.305,10.681-2.272 C249.753,176.411,248.736,171.629,245.159,169.307z\"><\/path> <\/g> <\/g> <g> <g> <path d=\"M329.636,205.51c-2.874-3.15-7.756-3.374-10.906-0.498c-2.233,2.037-8.435,4.231-16.776,4.231 c-8.342,0-14.544-2.194-16.777-4.231c-3.149-2.874-8.033-2.652-10.909,0.497c-2.874,3.15-2.652,8.033,0.497,10.909 c5.673,5.177,15.836,8.268,27.187,8.268c11.35,0,21.512-3.091,27.185-8.267C332.288,213.544,332.511,208.66,329.636,205.51z\"><\/path> <\/g> <\/g> <g> <g> <path d=\"M337.062,169.306c-7.228-4.693-20.354-7.495-35.109-7.495s-27.879,2.801-35.108,7.495 c-3.576,2.322-4.594,7.104-2.272,10.68c2.323,3.578,7.105,4.596,10.681,2.273c3.837-2.49,13.58-5.004,26.699-5.004 c13.119,0,22.862,2.514,26.7,5.004c1.299,0.843,2.756,1.246,4.197,1.246c2.527,0,5.004-1.24,6.483-3.518 C341.656,176.411,340.639,171.629,337.062,169.306z\"><\/path> <\/g> <\/g> <g> <g> <path d=\"M405.623,459.62c-13.636-11.586-32.225-17.966-52.345-17.966c-26.485,0-44.796-5.907-52.508-8.97v-6.582 c0.957,0.012,1.907,0.034,2.871,0.034c22.039,0,45.998-3.256,66.704-18.613c3.425-2.541,4.143-7.376,1.602-10.801 c-2.541-3.425-7.376-4.142-10.802-1.602c-18.089,13.416-40.141,15.812-60.376,15.553v-33.167 c42.967-15.709,75.455-53.356,83.841-99.31c3.036-0.483,5.977-1.227,8.799-2.217c0.039,4.577,0.097,9.125,0.152,13.592 c0.199,15.727,0.405,31.989-0.25,47.828c-0.995,11.709-3.916,21.767-8.931,30.739c-2.081,3.723-0.748,8.426,2.973,10.507 c1.192,0.665,2.484,0.982,3.76,0.982c2.707,0,5.333-1.426,6.747-3.956c6.135-10.978,9.685-23.129,10.853-37.147 c0.009-0.107,0.015-0.213,0.02-0.32c0.679-16.31,0.47-32.841,0.269-48.829c-0.092-7.244-0.18-14.695-0.193-22.113 c11.145-9.241,18.179-23.194,18.179-38.874c0-15.515-7.05-29.472-18.176-38.759c0.002-3.282,0.003-6.564,0.007-9.846 c0.009-9.107,0.019-18.213-0.009-27.32c-0.131-42.548-18.049-83.647-49.403-112.445c-4.786-4.396-9.853-8.487-15.162-12.234 C316.333,8.09,282.105-1.65,248.009,0.229c-31.333,1.727-61.889,13.39-86.415,32.96c-3.332,2.66-3.879,7.518-1.219,10.852 c2.66,3.333,7.518,3.878,10.852,1.219c22.065-17.612,49.443-28.058,77.632-29.612c41.068-2.264,81.459,14.383,109.028,44.862 c15.372,16.995,26.456,37.793,31.729,60.109c4.584,19.402,3.781,39.365,3.761,59.148c0,0.35-0.001,0.699-0.001,1.049 c0-0.174-2.419-0.783-2.681-0.859c-1.303-0.377-2.627-0.722-3.957-0.996v-12.588c0-14.389-2.33-28.543-6.925-42.068 c-1.059-3.119-3.982-5.223-7.276-5.237c-18.122-0.081-34.754-2.411-49.49-6.864c-0.1-0.031-0.198-0.063-0.297-0.094 c-20.823-6.342-40.86-18.162-53.535-36.226c-0.19-0.272-0.38-0.546-0.567-0.82c-1.145-1.678-2.222-3.406-3.201-5.186 c-2.167-3.942-3.535-8.404-8.915-8.432c-5.094-0.026-6.59,4.011-8.61,7.811c-7.837,14.738-21.385,26.225-35.955,33.974 c-22.087,11.748-47.681,15.844-72.465,15.845c-3.307,0-6.247,2.106-7.31,5.238c-4.595,13.528-6.924,27.678-6.924,42.058v12.588 c-1.921,0.395-3.796,0.91-5.628,1.515c-0.047,0.015-0.097,0.027-0.145,0.043c-0.27-16.968-0.483-34.474,1.922-51.418 c3.969-21.726,11.771-39.996,24.546-57.488c2.515-3.445,1.761-8.274-1.681-10.789c-3.445-2.515-8.275-1.763-10.789,1.682 c-14.228,19.482-22.901,39.812-27.295,63.977c-0.018,0.097-0.033,0.194-0.046,0.289c-2.662,18.639-2.364,37.281-2.076,55.311 c0.036,2.248,0.064,4.496,0.095,6.743c-11.691,9.273-19.153,23.597-19.153,39.564c0,16.229,7.528,30.617,19.355,39.834 c0.23,8.794-0.146,17.742-0.54,27.147c-1.271,30.276-2.587,61.583,16.978,90.116c0.107,0.156,0.22,0.309,0.339,0.457 c4.181,5.225,8.503,10.629,12.923,15.049c0.301,0.301,0.626,0.577,0.972,0.824c7.241,5.173,14.731,10.521,22.276,14.834 c0.072,0.041,0.145,0.081,0.217,0.12c16.923,8.959,35.557,9.23,53.695,9.159v6.774c-7.659,3.069-25.819,8.948-52.507,8.948 c-20.12,0-38.711,6.38-52.346,17.966c-13.776,11.705-21.362,27.566-21.362,44.662c0,4.264,3.456,7.721,7.721,7.721h326.529 c4.264,0,7.721-3.457,7.721-7.721C426.986,487.187,419.399,471.326,405.623,459.62z M386.54,261.822 c0.13-2.386,0.198-4.78,0.199-7.17c0.002-16.131,0.358-32.258,0.259-48.392c-0.023-3.775-0.06-7.55-0.11-11.326 c3.466,1.075,6.76,2.688,9.759,4.799c0.035,0.025,0.074,0.042,0.109,0.066c8.97,6.365,14.791,16.836,14.791,28.588 c0,11.676-5.615,21.971-14.345,28.327c-0.184,0.108-0.373,0.208-0.549,0.332c-3.114,2.186-6.528,3.832-10.118,4.902 C386.537,261.905,386.538,261.863,386.54,261.822z M166.446,156.078c0-8.02,1.062-15.94,3.162-23.608 c51.112-7.282,76.052-32.17,86.911-47.714c10.786,15.432,35.454,40.074,85.834,47.551c2.128,7.718,3.205,15.693,3.205,23.771 v98.588c0,49.381-40.175,89.556-89.556,89.556c-49.381,0-89.556-40.174-89.556-89.556V156.078z M115.5,257.215 c-9.129-6.307-15.041-16.844-15.041-28.827c0-15.147,10.326-29.08,24.808-33.499c0,12.166,0,24.33,0,36.496 c0,10.132-0.246,20.324,0.199,30.449c0.001,0.035,0.002,0.069,0.004,0.105c-3.271-0.977-6.394-2.429-9.268-4.327 C115.976,257.462,115.738,257.339,115.5,257.215z M211.082,410.487c-16.166,0.063-32.682-0.191-46.211-7.309 c-6.658-3.815-13.59-8.744-20.316-13.546c-3.628-3.7-7.454-8.47-11.166-13.109c-16.492-24.233-15.345-51.571-14.129-80.506 c0.271-6.453,0.548-13.04,0.608-19.615c2.43,0.779,4.942,1.38,7.524,1.79c8.383,45.939,40.852,83.577,83.797,99.295 C211.105,388.459,211.085,399.562,211.082,410.487z M184.434,344.989c-13.685-10.866-24.86-24.824-32.426-40.579 c-5.228-10.885-8.715-22.588-10.297-34.559c-0.119-0.911-0.221-1.824-0.319-2.74c-0.682-6.735-0.683-13.546-0.682-20.702v-0.468 c0.365-20.196,0.365-39.916,0-60.283v-19.285c0-10.867,1.506-21.581,4.483-31.926c2.64-0.067,5.362-0.182,8.148-0.357 c-1.543,7.201-2.338,14.557-2.338,21.987v98.588c0,57.896,47.102,104.998,104.998,104.998s104.998-47.102,104.998-104.998v-98.588 c0-7.458-0.8-14.838-2.352-22.062c2.79,0.188,5.514,0.318,8.156,0.396c2.981,10.351,4.492,21.078,4.492,31.96v19.345h0v60.163 v0.538c0,7.154,0,13.963-0.682,20.694c-0.099,0.915-0.2,1.829-0.32,2.74c-2.317,17.607-8.805,34.583-18.758,49.284 c-9.818,14.502-22.932,26.716-38.103,35.467c-10.94,6.312-22.932,10.829-35.338,13.223c-0.111,0.022-0.223,0.043-0.335,0.065 c-14.326,2.719-29.193,2.719-43.52,0c-0.11-0.022-0.219-0.042-0.329-0.064C215.981,364.389,198.79,356.389,184.434,344.989z M101.193,496.558c1.837-9.532,7.07-18.277,15.185-25.172c10.847-9.216,25.887-14.292,42.347-14.292 c39.741,0,62.886-12.057,63.852-12.571c2.521-1.34,4.097-3.963,4.097-6.818v-55.611c0,0.464,9.007,1.705,9.803,1.825 c6.461,0.971,12.989,1.484,19.524,1.484c9.814,0,19.692-1.108,29.261-3.294c-0.06,12.053-0.06,24.221-0.06,36.074 c0,0.463,0.046,0.915,0.125,1.356v18.168c0,2.856,1.576,5.478,4.097,6.818c0.968,0.514,24.114,12.571,63.855,12.571 c16.461,0,31.5,5.075,42.346,14.292c8.117,6.896,13.349,15.64,15.185,25.172H101.193z\"><\/path> <\/g> <\/g> <\/svg><\/span><span class=\"gb-headline-text\">Medi Clinic Johor Bahru<\/span><\/p>\n\n\n\n\n<h2 class=\"gb-headline gb-headline-03774536 gb-headline-text\">\u0110i\u1ec1u tr\u1ecb r\u1ea1n da v\u00f9ng b\u1ee5ng<\/h2>\n\n\n<div class=\"gb-container gb-container-f66bc834\">\n\n<div class=\"gb-container gb-container-3423e27e\">\n\n<div class=\"gb-container gb-container-4ea2fbf1\">\n\n\n\n<p>R\u1ea1n da v\u00f9ng b\u1ee5ng, c\u00f2n \u0111\u01b0\u1ee3c g\u1ecdi l\u00e0 v\u1ebft r\u1ea1n da (striae), l\u00e0 m\u1ed9t t\u00ecnh tr\u1ea1ng da ph\u1ed5 bi\u1ebfn x\u1ea3y ra khi da b\u1ecb k\u00e9o c\u0103ng qu\u00e1 m\u1ee9c trong th\u1eddi gian ng\u1eafn, l\u00e0m \u0111\u1ee9t g\u00e3y c\u00e1c s\u1ee3i collagen v\u00e0 elastin, d\u1eabn \u0111\u1ebfn h\u00ecnh th\u00e0nh c\u00e1c v\u1ec7t c\u00f3 th\u1ec3 nh\u00ecn th\u1ea5y tr\u00ean b\u1ee5ng. T\u1ea1i <a href=\"https:\/\/www.facebook.com\/MediAestheticSolutions\/\" target=\"_blank\" rel=\"noopener\"><strong>Medi Clinic Johor Bahru<\/strong><\/a>, ch\u00fang t\u00f4i cung c\u1ea5p c\u00e1c li\u1ec7u tr\u00ecnh hi\u1ec7u qu\u1ea3 \u0111\u1ec3 c\u1ea3i thi\u1ec7n t\u00ecnh tr\u1ea1ng r\u1ea1n da v\u00f9ng b\u1ee5ng, gi\u00fap b\u1ea1n c\u00f3 \u0111\u01b0\u1ee3c l\u00e0n da m\u1ecbn m\u00e0ng v\u00e0 \u0111\u1ec1u m\u00e0u h\u01a1n.<\/p>\n\n\n\n\n<p>Khi l\u1ef1a ch\u1ecdn \u0111i\u1ec1u tr\u1ecb r\u1ea1n da v\u00f9ng b\u1ee5ng t\u1ea1i Medi Clinic Johor Bahru, b\u1ea1n s\u1ebd nh\u1eadn \u0111\u01b0\u1ee3c s\u1ef1 ch\u0103m s\u00f3c chuy\u00ean nghi\u1ec7p, c\u00e1c ph\u01b0\u01a1ng ph\u00e1p \u0111i\u1ec1u tr\u1ecb ti\u00ean ti\u1ebfn v\u00e0 ph\u00e1c \u0111\u1ed3 c\u00e1 nh\u00e2n h\u00f3a gi\u00fap c\u1ea3i thi\u1ec7n l\u00e0n da v\u00f9ng b\u1ee5ng tr\u1edf n\u00ean m\u1ecbn m\u00e0ng v\u00e0 th\u1ea9m m\u1ef9 h\u01a1n. H\u00e3y li\u00ean h\u1ec7 v\u1edbi ch\u00fang t\u00f4i \u0111\u1ec3 \u0111\u1eb7t l\u1ecbch kh\u00e1m v\u00e0 b\u1eaft \u0111\u1ea7u h\u00e0nh tr\u00ecnh c\u1ea3i thi\u1ec7n v\u1ebb ngo\u00e0i cho l\u00e0n da c\u1ee7a b\u1ea1n. (C\u1ea7n \u0111\u01b0\u1ee3c b\u00e1c s\u0129 th\u0103m kh\u00e1m).<\/p>\n\n<\/div>\n<\/div>\n<\/div>\n<\/div>\n\n<div class=\"gb-container gb-container-65f56b00\">\n\n\n\n<figure class=\"gb-block-image gb-block-image-25bba84a\"><img decoding=\"async\" width=\"538\" height=\"538\" class=\"gb-image gb-image-25bba84a\" src=\"https:\/\/mediaesthetic.com.my\/wp-content\/uploads\/2023\/05\/Abdominal-Stretch-Marks-Treatment-Solution-Johor-Bahru-Malaysia-Medi-Aesthetic.jpg\" alt=\"\u0110i\u1ec1u tr\u1ecb r\u1ea1n da b\u1ee5ng | Da m\u1ecbn m\u00e0ng | {{COUNTRY_LOCAL}} {{CITY_LOCAL}}\" title=\"Gi\u1ea3i ph\u00e1p \u0111i\u1ec1u tr\u1ecb r\u1ea1n da v\u00f9ng b\u1ee5ng t\u1ea1i {{CITY_LOCAL}} {{COUNTRY_LOCAL}}\" srcset=\"https:\/\/mediaesthetic.com.my\/wp-content\/uploads\/2023\/05\/Abdominal-Stretch-Marks-Treatment-Solution-Johor-Bahru-Malaysia-Medi-Aesthetic.jpg 538w, https:\/\/mediaesthetic.com.my\/wp-content\/uploads\/2023\/05\/Abdominal-Stretch-Marks-Treatment-Solution-Johor-Bahru-Malaysia-Medi-Aesthetic-300x300.jpg 300w, https:\/\/mediaesthetic.com.my\/wp-content\/uploads\/2023\/05\/Abdominal-Stretch-Marks-Treatment-Solution-Johor-Bahru-Malaysia-Medi-Aesthetic-150x150.jpg 150w\" sizes=\"(max-width: 538px) 100vw, 538px\" \/><\/figure>\n\n<\/div>\n<\/section>\n\n<div class=\"gb-container gb-container-af16f68b\">\n\n<div class=\"gb-container gb-container-ae08ae1e\">\n\n\n\n<h5 class=\"gb-headline gb-headline-6d7dcfab gb-headline-text\">Chuy\u00ean nghi\u1ec7p<\/h5>\n\n\n\n\n<h2 class=\"gb-headline gb-headline-37a42c78 gb-headline-text\">Li\u1ec7u tr\u00ecnh &amp; Gi\u1ea3i ph\u00e1p<\/h2>\n\n\n\n\n<h2 class=\"gb-headline gb-headline-c28666b0\"><span class=\"gb-icon\"><svg viewBox=\"0 0 36.7 3\" xmlns=\"http:\/\/www.w3.org\/2000\/svg\"><path d=\"M0 0h36.7v3H0z\"><\/path><\/svg><\/span><\/h2>\n\n\n\n\n<p class=\"gb-headline gb-headline-fbce00a7 gb-headline-text\">C\u1ea7n l\u01b0u \u00fd r\u1eb1ng s\u1ef1 ph\u00f9 h\u1ee3p c\u1ee7a c\u00e1c li\u1ec7u tr\u00ecnh n\u00e0y s\u1ebd ph\u1ee5 thu\u1ed9c v\u00e0o c\u00e1c y\u1ebfu t\u1ed1 c\u00e1 nh\u00e2n nh\u01b0 lo\u1ea1i da, t\u00ecnh tr\u1ea1ng v\u00e0 m\u1ee5c ti\u00eau c\u1ee7a m\u1ed7i ng\u01b0\u1eddi. Vi\u1ec7c th\u0103m kh\u00e1m v\u1edbi c\u00e1c <mark style=\"background-color:rgba(0, 0, 0, 0)\" class=\"has-inline-color has-global-color-9-color\">chuy\u00ean gia<\/mark> t\u1ea1i Medi Clinic Johor Bahru s\u1ebd gi\u00fap \u0111\u01b0a ra c\u00e1c khuy\u1ebfn ngh\u1ecb \u0111\u01b0\u1ee3c c\u00e1 nh\u00e2n h\u00f3a d\u1ef1a tr\u00ean nhu c\u1ea7u c\u1ee5 th\u1ec3 c\u1ee7a b\u1ea1n. D\u01b0\u1edbi \u0111\u00e2y l\u00e0 m\u1ed9t s\u1ed1 th\u00f4ng tin v\u1ec1 r\u1ea1n da v\u00f9ng b\u1ee5ng v\u00e0 c\u00e1c ph\u01b0\u01a1ng ph\u00e1p \u0111i\u1ec1u tr\u1ecb c\u1ee7a ch\u00fang t\u00f4i t\u1ea1i Medi Clinic Johor Bahru. (Hi\u1ec7u qu\u1ea3 t\u00f9y t\u1eebng c\u00e1 nh\u00e2n).<\/p>\n\n\n<div class=\"gb-grid-wrapper gb-grid-wrapper-2bf5ddb7\">\n\n<div class=\"gb-grid-column gb-grid-column-a4b5cd2e\"><div class=\"gb-container gb-container-a4b5cd2e\">\n\n\n\n<h5 class=\"gb-headline gb-headline-b8d93b26\"><span class=\"gb-icon\">1<\/span><span class=\"gb-headline-text\">Li\u1ec7u ph\u00e1p Laser<\/span><\/h5>\n\n\n\n\n<p class=\"gb-headline gb-headline-940b6b59 gb-headline-text\">C\u00e1c li\u1ec7u tr\u00ecnh laser, nh\u01b0 laser CO2 fractional ho\u1eb7c laser xung nhu\u1ed9m m\u00e0u, c\u00f3 th\u1ec3 gi\u00fap k\u00edch th\u00edch s\u1ea3n sinh collagen v\u00e0 th\u00fac \u0111\u1ea9y qu\u00e1 tr\u00ecnh t\u00e1i t\u1ea1o da.<\/p>\n\n\n<div class=\"gb-container gb-container-d6dccb69\">\n\n\n\n\n<a class=\"gb-button gb-button-3898b100\" href=\"https:\/\/mediaesthetic.com.my\/laser-therapy-treatment\/\"><span class=\"gb-button-text\">T\u00ecm hi\u1ec3u li\u1ec7u tr\u00ecnh<\/span><span class=\"gb-icon\"><svg aria-hidden=\"true\" role=\"img\" height=\"1em\" width=\"1em\" viewBox=\"0 0 256 512\" xmlns=\"http:\/\/www.w3.org\/2000\/svg\"><path fill=\"currentColor\" d=\"M224.3 273l-136 136c-9.4 9.4-24.6 9.4-33.9 0l-22.6-22.6c-9.4-9.4-9.4-24.6 0-33.9l96.4-96.4-96.4-96.4c-9.4-9.4-9.4-24.6 0-33.9L54.3 103c9.4-9.4 24.6-9.4 33.9 0l136 136c9.5 9.4 9.5 24.6.1 34z\"><\/path><\/svg><\/span><\/a>\n\n\n\n<\/div>\n\n<\/div><\/div>\n\n<div class=\"gb-grid-column gb-grid-column-92b8cf65\"><div class=\"gb-container gb-container-92b8cf65\">\n\n\n\n<h5 class=\"gb-headline gb-headline-5f16e490\"><span class=\"gb-icon\">2<\/span><span class=\"gb-headline-text\">Kem v\u00e0 Serum b\u00f4i t\u1ea1i ch\u1ed7<\/span><\/h5>\n\n\n\n\n<p class=\"gb-headline gb-headline-43ac2e83 gb-headline-text\">C\u00e1c chuy\u00ean gia c\u1ee7a ch\u00fang t\u00f4i c\u00f3 th\u1ec3 \u0111\u1ec1 xu\u1ea5t s\u1eed d\u1ee5ng c\u00e1c lo\u1ea1i kem ho\u1eb7c serum chuy\u00ean d\u1ee5ng ch\u1ee9a c\u00e1c th\u00e0nh ph\u1ea7n nh\u01b0 retinol, axit hyaluronic (HA), ho\u1eb7c vitamin C.<\/p>\n\n\n<div class=\"gb-container gb-container-ece66ba2\">\n\n\n\n\n<a class=\"gb-button gb-button-44a89b0a\" href=\"https:\/\/mediaesthetic.com.my\/topical-creams-and-serums\/\"><span class=\"gb-button-text\">T\u00ecm hi\u1ec3u li\u1ec7u tr\u00ecnh<\/span><span class=\"gb-icon\"><svg aria-hidden=\"true\" role=\"img\" height=\"1em\" width=\"1em\" viewBox=\"0 0 256 512\" xmlns=\"http:\/\/www.w3.org\/2000\/svg\"><path fill=\"currentColor\" d=\"M224.3 273l-136 136c-9.4 9.4-24.6 9.4-33.9 0l-22.6-22.6c-9.4-9.4-9.4-24.6 0-33.9l96.4-96.4-96.4-96.4c-9.4-9.4-9.4-24.6 0-33.9L54.3 103c9.4-9.4 24.6-9.4 33.9 0l136 136c9.5 9.4 9.5 24.6.1 34z\"><\/path><\/svg><\/span><\/a>\n\n\n\n<\/div>\n\n<\/div><\/div>\n\n<div class=\"gb-grid-column gb-grid-column-6a373d73\"><div class=\"gb-container gb-container-6a373d73\">\n\n\n\n<h5 class=\"gb-headline gb-headline-3f40e469\"><span class=\"gb-icon\">3<\/span><span class=\"gb-headline-text\">Thay da h\u00f3a h\u1ecdc (Chemical Peel)<\/span><\/h5>\n\n\n\n\n<p class=\"gb-headline gb-headline-719920b5 gb-headline-text\">Thay da h\u00f3a h\u1ecdc l\u00e0 ph\u01b0\u01a1ng ph\u00e1p s\u1eed d\u1ee5ng dung d\u1ecbch h\u00f3a h\u1ecdc b\u00f4i l\u00ean da, gi\u00fap t\u1ea9y t\u1ebf b\u00e0o ch\u1ebft \u1edf l\u1edbp ngo\u00e0i c\u00f9ng v\u00e0 th\u00fac \u0111\u1ea9y qu\u00e1 tr\u00ecnh t\u00e1i t\u1ea1o da.<\/p>\n\n\n<div class=\"gb-container gb-container-7ffb97e8\">\n\n\n\n\n<a class=\"gb-button gb-button-3ecddb80\" href=\"https:\/\/mediaesthetic.com.my\/chemical-peels-treatment\/\"><span class=\"gb-button-text\">T\u00ecm hi\u1ec3u li\u1ec7u tr\u00ecnh<\/span><span class=\"gb-icon\"><svg aria-hidden=\"true\" role=\"img\" height=\"1em\" width=\"1em\" viewBox=\"0 0 256 512\" xmlns=\"http:\/\/www.w3.org\/2000\/svg\"><path fill=\"currentColor\" d=\"M224.3 273l-136 136c-9.4 9.4-24.6 9.4-33.9 0l-22.6-22.6c-9.4-9.4-9.4-24.6 0-33.9l96.4-96.4-96.4-96.4c-9.4-9.4-9.4-24.6 0-33.9L54.3 103c9.4-9.4 24.6-9.4 33.9 0l136 136c9.5 9.4 9.5 24.6.1 34z\"><\/path><\/svg><\/span><\/a>\n\n\n\n<\/div>\n\n<\/div><\/div>\n\n<\/div>\n\n<\/div>\n\n<\/div>\n","protected":false},"excerpt":{"rendered":"<p>Medi Clinic Johor Bahru \u0110i\u1ec1u tr\u1ecb r\u1ea1n da &#8230; <a title=\"\u0110i\u1ec1u tr\u1ecb r\u1ea1n da v\u00f9ng b\u1ee5ng\" class=\"read-more\" href=\"https:\/\/mediaesthetic.com.my\/vi\/abdominal-stretch-marks\/\" aria-label=\"\u0110\u1ecdc th\u00eam v\u1ec1 \u0110i\u1ec1u tr\u1ecb r\u1ea1n da v\u00f9ng b\u1ee5ng\">\u0110\u1ecdc ti\u1ebfp<\/a><\/p>\n","protected":false},"author":1,"featured_media":3489,"parent":0,"menu_order":0,"comment_status":"closed","ping_status":"closed","template":"","meta":{"footnotes":""},"class_list":{"0":"post-3488","1":"page","2":"type-page","3":"status-publish","4":"has-post-thumbnail","6":"infinite-scroll-item"},"_links":{"self":[{"href":"https:\/\/mediaesthetic.com.my\/vi\/wp-json\/wp\/v2\/pages\/3488","targetHints":{"allow":["GET"]}}],"collection":[{"href":"https:\/\/mediaesthetic.com.my\/vi\/wp-json\/wp\/v2\/pages"}],"about":[{"href":"https:\/\/mediaesthetic.com.my\/vi\/wp-json\/wp\/v2\/types\/page"}],"author":[{"embeddable":true,"href":"https:\/\/mediaesthetic.com.my\/vi\/wp-json\/wp\/v2\/users\/1"}],"replies":[{"embeddable":true,"href":"https:\/\/mediaesthetic.com.my\/vi\/wp-json\/wp\/v2\/comments?post=3488"}],"version-history":[{"count":0,"href":"https:\/\/mediaesthetic.com.my\/vi\/wp-json\/wp\/v2\/pages\/3488\/revisions"}],"wp:featuredmedia":[{"embeddable":true,"href":"https:\/\/mediaesthetic.com.my\/vi\/wp-json\/wp\/v2\/media\/3489"}],"wp:attachment":[{"href":"https:\/\/mediaesthetic.com.my\/vi\/wp-json\/wp\/v2\/media?parent=3488"}],"curies":[{"name":"wp","href":"https:\/\/api.w.org\/{rel}","templated":true}]}}